{"id":2639,"date":"2022-11-01T12:28:25","date_gmt":"2022-11-01T11:28:25","guid":{"rendered":"https:\/\/auto-mesecke.de\/wpress\/?page_id=2639"},"modified":"2022-11-02T17:58:27","modified_gmt":"2022-11-02T16:58:27","slug":"impressum","status":"publish","type":"page","link":"https:\/\/auto-mesecke.de\/wpress\/impressum\/","title":{"rendered":"Impressum"},"content":{"rendered":"<div class=\"fusion-fullwidth fullwidth-box fusion-builder-row-1 fusion-flex-container has-pattern-background has-mask-background nonhundred-percent-fullwidth non-hundred-percent-height-scrolling\" style=\"--awb-border-radius-top-left:0px;--awb-border-radius-top-right:0px;--awb-border-radius-bottom-right:0px;--awb-border-radius-bottom-left:0px;--awb-flex-wrap:wrap;\" ><div class=\"fusion-builder-row fusion-row fusion-flex-align-items-flex-start fusion-flex-content-wrap\" style=\"max-width:1248px;margin-left: calc(-4% \/ 2 );margin-right: calc(-4% \/ 2 );\"><div class=\"fusion-layout-column fusion_builder_column fusion-builder-column-0 fusion_builder_column_1_1 1_1 fusion-flex-column\" style=\"--awb-bg-size:cover;--awb-width-large:100%;--awb-margin-top-large:0px;--awb-spacing-right-large:1.92%;--awb-margin-bottom-large:20px;--awb-spacing-left-large:1.92%;--awb-width-medium:100%;--awb-order-medium:0;--awb-spacing-right-medium:1.92%;--awb-spacing-left-medium:1.92%;--awb-width-small:100%;--awb-order-small:0;--awb-spacing-right-small:1.92%;--awb-spacing-left-small:1.92%;\"><div class=\"fusion-column-wrapper fusion-column-has-shadow fusion-flex-justify-content-flex-start fusion-content-layout-column\"><div class=\"fusion-title title fusion-title-1 fusion-title-center fusion-title-text fusion-title-size-three\" style=\"--awb-margin-top-small:10px;--awb-margin-right-small:0px;--awb-margin-bottom-small:10px;--awb-margin-left-small:0px;\"><div class=\"title-sep-container title-sep-container-left\"><div class=\"title-sep sep-double sep-solid\" style=\"border-color:#e2e2e2;\"><\/div><\/div><span class=\"awb-title-spacer\"><\/span><h3 class=\"fusion-title-heading title-heading-center\" style=\"margin:0;\">Impressum<\/h3><span class=\"awb-title-spacer\"><\/span><div class=\"title-sep-container title-sep-container-right\"><div class=\"title-sep sep-double sep-solid\" style=\"border-color:#e2e2e2;\"><\/div><\/div><\/div><div class=\"fusion-text fusion-text-1\"><h1><u>Impressum<\/u><\/h1>\n<p>AUTO SERVICE Mesecke GmbH &amp; Co. KG<br \/>\nSiemensstra\u00dfe 8<br \/>\n35519 Rockenberg<\/p>\n<p>Telefon: 06033 &#8211; 928 55 22<br \/>\nTelefax: 06033 &#8211; 928 58 62<\/p>\n<p>eMail: <a href=\"mailto:info@auto-mesecke.de\">info@auto-mesecke.de<\/a><\/p>\n<p>Unsere \u00d6ffnungszeiten<br \/>\nMo &#8211; Fr: 7 &#8211; 19 Uhr<br \/>\nSa: 8 &#8211; 15 Uhr<\/p>\n<p>Auto Service Mesecke GmbH &amp; Co. KG<br \/>\nSitz: Rockenberg<br \/>\nAmtsgericht: Friedberg, HRA 4227<\/p>\n<p>Komplement\u00e4r: Auto Service Verwaltung GmbH<br \/>\nAmtgericht: Friedberg, HRB 6639<br \/>\nGesch\u00e4ftsf\u00fchrer: Kay Mesecke<\/p>\n<p>Umsatzsteuer-ID-Nr.: DE 260559306<\/p>\n<p><b>Verbraucherinformation gem. Art. 14 Abs. 1 der Verordnung (EU) Nr. 524\/2013:<\/b><b><\/b><\/p>\n<p>Im Rahmen der Verordnung \u00fcber Online-Streitbeilegung in Verbraucherangelegenheiten<\/p>\n<p>steht Ihnen unter\u00a0<a href=\"http:\/\/ec.europa.eu\/consumers\/odr\/\"><span style=\"color: #0563c1;\">http:\/\/ec.europa.eu\/consumers\/odr\/<\/span><\/a><\/p>\n<p>eine Online-Streitbeilegungsplattform der EU-Kommission zur Verf\u00fcgung.<\/p>\n<p>Unsere E-Mail-Adresse lautet:\u00a0<a href=\"mailto:info@auto-mesecke.de\">info@auto-mesecke.de<\/a><\/p>\n<p><b>Hinweis gem\u00e4\u00df \u00a7 36 Verbraucherstreitbeilegungsgesetz (VSBG):<\/b><\/p>\n<p>Unsere Firma wird nicht an einem Streitbeilegungsverfahren vor einer<\/p>\n<p>Verbraucherschlichtungsstelle im Sinne des VSBG teilnehmen und ist hierzu auch nicht<\/p>\n<p>verpflichtet. Als Meisterbetrieb der Kfz-Innung bieten wir alternativ die Teilnahme an<\/p>\n<p>einem Verfahren vor einer branchenspezifischen Kfz-Schiedsstelle an.<\/p>\n<p>Die f\u00fcr uns zust\u00e4ndige Kfz-Schiedsstelle erreichen Sie unter:<\/p>\n<p>Schiedsstelle des Kraftfahrzeuggewerbes Oberhessen<br \/>\nGoethestra\u00dfe 10<br \/>\n35390 Gie\u00dfen<br \/>\nTel: 0641\/974900<br \/>\nFax: 0641\/9749060<br \/>\nMail: <a href=\"mailto:empfang@khgiessen.de\">empfang@khgiessen.de<\/a><\/p>\n<p>Weitere Informationen zu den Kfz-Schiedsstellen, insbesondere zu Verfahren und<\/p>\n<p>Voraussetzungen zum Zugang k\u00f6nnen auch der Internetseite ww.kfz-schiedsstelle.de<\/p>\n<h1>Urheberrecht<\/h1>\n<p class=\"bodytext\">Alle Inhalte (insb. Bilder, Grafiken, Video- und Audiosequenzen) unterliegen dem Urheberrechtsschutz. \u201eAUTO SERVICE Mesecke GmbH &amp; Co. KG\u201c\u00a0als Betreiber der Seite ist bem\u00fcht, stets die Urheberrechte anderer zu beachten bzw. auf selbst erstellte sowie lizenzfreie Werke (u.\u00a0a. von\u00a0fotolia.de\u00a0und shutterstock.com) zur\u00fcckzugreifen. Sollte uns dies dennoch nicht vollst\u00e4ndig gelungen sein, m\u00f6chten wir den betroffenen Rechteinhaber bitten, sich mit uns in Verbindung zu setzen. Wir werden uns umgehend um eine korrekte Regelung bem\u00fchen.<\/p>\n<p>Die Rechte an Logos und Grafiken liegen bei den jeweiligen Urhebern. Produkt- und Firmennamen sind Marken der jeweiligen Eigent\u00fcmer und werden auf diesen Seiten ausschlie\u00dflich zu Informationszwecken eingesetzt. Beitr\u00e4ge Dritter sind als solche gekennzeichnet.<\/p>\n<p>Die Verwendung von Texten, Bilder und Grafiken ist nur mit ausdr\u00fccklicher Genehmigung der Rechteinhaber erlaubt. Inhalte des vorliegenden Online-Auftrittes d\u00fcrfen nur f\u00fcr nichtkommerzielle Informationszwecke genutzt werden. Jede Kopie von Inhalten dieser Seite oder eines Teils davon m\u00fcssen eine urheberrechtliche Erkl\u00e4rung und das urheberrechtliche Schutzzeichen des Betreibers enthalten.<\/p>\n<p>Inhalte dieser Seite oder Teile davon d\u00fcrfen nicht ohne schriftliche Zustimmung des Betreibers ver\u00e4ndert werden. Der Betreiber beh\u00e4lt sich das Recht vor, diese Genehmigung jederzeit zu widerrufen, und jede Nutzung muss sofort eingestellt werden, sobald eine schriftliche Bekanntmachung seitens des Betreibers ver\u00f6ffentlicht wird.<\/p>\n<h1 class=\"bodytext\">Haftungshinweis<\/h1>\n<p class=\"bodytext\"><span class=\"bodytext\">\u201eAUTO SERVICE Mesecke GmbH &amp; Co. KG\u201c\u00a0als Betreiber des Online-Auftrittes \u00fcbernimmt keinerlei Gew\u00e4hr f\u00fcr Richtigkeit, Vollst\u00e4ndigkeit und Aktualit\u00e4t der enthaltenen Informationen sowie der Verf\u00fcgbarkeit der Dienste und haftet auch nicht f\u00fcr Folgesch\u00e4den, die auf einer Nutzung des Angebotes beruhen.<\/span><\/p>\n<p><span class=\"bodytext\">Soweit ein Haftungsausschluss nicht in Betracht kommt, haften die Betreiber lediglich f\u00fcr grobe Fahrl\u00e4ssigkeit und Vorsatz. Produkt- und Firmennamen sind Marken der jeweiligen Eigent\u00fcmer und werden auf diesen Seiten ausschlie\u00dflich zu Informationszwecken eingesetzt.<\/span><\/p>\n<p><span class=\"bodytext\">F\u00fcr Internetseiten Dritter, auf die dieses Angebot durch sog. Links verweist, tragen die jeweiligen Anbieter die Verantwortung. Der Betreiber ist f\u00fcr den Inhalt solcher Seiten Dritter nicht verantwortlich.<\/span><\/p>\n<p><span class=\"bodytext\">Desweiteren kann die Web-Seite ohne unser Wissen von anderen Seiten mittels sog. Links angelinkt werden. Der Betreiber \u00fcbernimmt keine Verantwortung f\u00fcr Darstellungen, Inhalt oder irgendeine Verbindung zu dieser Web-Seite in Web-Seiten Dritter.<\/span><\/p>\n<p><span class=\"bodytext\">F\u00fcr fremde Inhalte ist der Betreiber nur dann verantwortlich, wenn von ihnen (d.\u00a0h. auch von einem rechtswidrigen oder strafbaren Inhalt) positive Kenntnis vorliegt und es technisch m\u00f6glich und zumutbar ist, deren Nutzung zu verhindern. Der Betreiber ist nach dem Teledienstgesetz jedoch nicht verpflichtet, die fremden Inhalte st\u00e4ndig zu \u00fcberpr\u00fcfen.<\/span><\/p>\n<\/div><\/div><\/div><\/div><\/div>\n","protected":false},"excerpt":{"rendered":"","protected":false},"author":1,"featured_media":0,"parent":0,"menu_order":0,"comment_status":"closed","ping_status":"closed","template":"","meta":{"footnotes":""},"class_list":["post-2639","page","type-page","status-publish","hentry"],"jetpack_sharing_enabled":true,"_links":{"self":[{"href":"https:\/\/auto-mesecke.de\/wpress\/wp-json\/wp\/v2\/pages\/2639","targetHints":{"allow":["GET"]}}],"collection":[{"href":"https:\/\/auto-mesecke.de\/wpress\/wp-json\/wp\/v2\/pages"}],"about":[{"href":"https:\/\/auto-mesecke.de\/wpress\/wp-json\/wp\/v2\/types\/page"}],"author":[{"embeddable":true,"href":"https:\/\/auto-mesecke.de\/wpress\/wp-json\/wp\/v2\/users\/1"}],"replies":[{"embeddable":true,"href":"https:\/\/auto-mesecke.de\/wpress\/wp-json\/wp\/v2\/comments?post=2639"}],"version-history":[{"count":3,"href":"https:\/\/auto-mesecke.de\/wpress\/wp-json\/wp\/v2\/pages\/2639\/revisions"}],"predecessor-version":[{"id":2680,"href":"https:\/\/auto-mesecke.de\/wpress\/wp-json\/wp\/v2\/pages\/2639\/revisions\/2680"}],"wp:attachment":[{"href":"https:\/\/auto-mesecke.de\/wpress\/wp-json\/wp\/v2\/media?parent=2639"}],"curies":[{"name":"wp","href":"https:\/\/api.w.org\/{rel}","templated":true}]}}