{"id":2528,"date":"2022-10-27T20:30:19","date_gmt":"2022-10-27T18:30:19","guid":{"rendered":"https:\/\/auto-mesecke.de\/wpress\/?page_id=2528"},"modified":"2022-11-03T17:49:45","modified_gmt":"2022-11-03T16:49:45","slug":"ueber-uns","status":"publish","type":"page","link":"https:\/\/auto-mesecke.de\/wpress\/ueber-uns\/","title":{"rendered":"\u00dcber uns"},"content":{"rendered":"<div class=\"fusion-fullwidth fullwidth-box fusion-builder-row-1 fusion-flex-container nonhundred-percent-fullwidth non-hundred-percent-height-scrolling\" style=\"--awb-border-radius-top-left:0px;--awb-border-radius-top-right:0px;--awb-border-radius-bottom-right:0px;--awb-border-radius-bottom-left:0px;--awb-flex-wrap:wrap;\" ><div class=\"fusion-builder-row fusion-row fusion-flex-align-items-flex-start fusion-flex-content-wrap\" style=\"max-width:1248px;margin-left: calc(-4% \/ 2 );margin-right: calc(-4% \/ 2 );\"><div class=\"fusion-layout-column fusion_builder_column fusion-builder-column-0 fusion_builder_column_1_1 1_1 fusion-flex-column\" style=\"--awb-bg-size:cover;--awb-width-large:100%;--awb-margin-top-large:0px;--awb-spacing-right-large:1.92%;--awb-margin-bottom-large:0px;--awb-spacing-left-large:1.92%;--awb-width-medium:100%;--awb-spacing-right-medium:1.92%;--awb-spacing-left-medium:1.92%;--awb-width-small:100%;--awb-spacing-right-small:1.92%;--awb-spacing-left-small:1.92%;\"><div class=\"fusion-column-wrapper fusion-flex-justify-content-flex-start fusion-content-layout-column\"><div class=\"fusion-title title fusion-title-1 fusion-title-center fusion-title-text fusion-title-size-three\" style=\"--awb-margin-top-small:10px;--awb-margin-right-small:0px;--awb-margin-bottom-small:10px;--awb-margin-left-small:0px;\"><div class=\"title-sep-container title-sep-container-left\"><div class=\"title-sep sep-double sep-solid\" style=\"border-color:#e2e2e2;\"><\/div><\/div><span class=\"awb-title-spacer\"><\/span><h3 class=\"fusion-title-heading title-heading-center\" style=\"margin:0;\"><h3>Herzlich Willkommen beim Auto Service Mesecke !<\/h3><\/h3><span class=\"awb-title-spacer\"><\/span><div class=\"title-sep-container title-sep-container-right\"><div class=\"title-sep sep-double sep-solid\" style=\"border-color:#e2e2e2;\"><\/div><\/div><\/div><div class=\"fusion-text fusion-text-1\"><ul>\n<li>Sie w\u00fcnschen sich eine zuverl\u00e4ssige Werkstatt ?<\/li>\n<li>Sie erwarten eine freundliche Begr\u00fc\u00dfung ?<\/li>\n<li>Sie m\u00f6chten eine fachkundige Beratung ?<\/li>\n<\/ul>\n<p>Dann kommen Sie gern zu uns.\u00a0Freundlichkeit, Zuverl\u00e4ssigkeit und Kompetenz sind f\u00fcr uns keine Fremdw\u00f6rter.<\/p>\n<p>W\u00e4hrend Ihr Auto bei uns in guten H\u00e4nden ist, k\u00f6nnen Sie bei einem leckeren Kaffee in Ruhe darauf warten, dass Ihr Fahrzeug top-gepr\u00fcft und sicher aus unserer Werkstatt f\u00e4hrt. Sollten Sie keine Zeit haben, und m\u00fcssen mobil bleiben: Auch das ist kein Problem. Unser Werkstatt-Ersatzwagen steht f\u00fcr Sie bereit.<\/p>\n<p>Schenken Sie uns Ihr Vertrauen, wir werden Sie nicht entt\u00e4uschen!<\/p>\n<h3>Besondere Vorteile<\/h3>\n<p>Dank vielf\u00e4ltiger und jahrelanger Erfahrungen sind wir in der Lage, markenunabh\u00e4ngig f\u00fcr alle Gebrauchtfahrzeuge und Neufahrzeuge den kompletten Service zu bieten, denn unser Team ist durch zahlreiche Trainings und Schulungen immer auf dem allerneuesten Stand. Unser Betrieb ist eine meistergef\u00fchrte KFZ-Werkstatt, die es sich zum Ziel gesetzt hat, individuellen, perfekten Service durch Kompetenz, Beratung und Zuverl\u00e4ssigkeit zu bieten, und das zu fairen Preisen!<\/p>\n<h3>Eigene Werkstatt<\/h3>\n<p><img decoding=\"async\" class=\"alignleft\" src=\"https:\/\/auto-mesecke.de\/wbce\/media\/WDV\/WdVMJahr_2021.jpg\" alt=\"\" width=\"194\" height=\"194\" \/>Als Spezialist f\u00fcr die Fahrzeughersteller Volkswagen und Audi ist unser Betrieb Ihnen vielleicht schon bekannt. Doch wir bieten Ihnen weitaus mehr: Egal welche Marke, bei uns bekommen Sie den vollen Service rund um Ihr Auto, also alles aus einer Hand! Von der Inspektion mit Mobilit\u00e4tsgarantie, \u00fcber den Bremsen\/Auspuff\/Sto\u00dfd\u00e4mpfer-Service, der Klimaanlagen-Wartung, HU\/AU, Motordiagnose sowie dem R\u00e4der- und Reifendienst, unser Leistungsspektrum ist vielf\u00e4ltig, zuverl\u00e4ssig und schnell. Bei uns im Hause werden nur Originalersatzteile der f\u00fchrenden Markenhersteller verbaut, somit wird Ihrer h\u00f6chstm\u00f6glichen Sicherheit Rechnung getragen und Sie erhalten den vollen Garantie-Anspruch auf die eingebauten Teile. Das Team vom Auto Service Mesecke macht Ihnen kein X f\u00fcr ein U vor. Kompetenz, Zuverl\u00e4ssigkeit und Ehrlichkeit rund um Ihr Auto sind f\u00fcr uns eine Selbstverst\u00e4ndlichkeit. Ein Besuch wird Sie davon \u00fcberzeugen, fordern Sie uns gern!<\/p>\n<\/div><\/div><\/div><\/div><\/div>\n","protected":false},"excerpt":{"rendered":"","protected":false},"author":1,"featured_media":0,"parent":0,"menu_order":0,"comment_status":"closed","ping_status":"closed","template":"","meta":{"footnotes":""},"class_list":["post-2528","page","type-page","status-publish","hentry"],"jetpack_sharing_enabled":true,"_links":{"self":[{"href":"https:\/\/auto-mesecke.de\/wpress\/wp-json\/wp\/v2\/pages\/2528","targetHints":{"allow":["GET"]}}],"collection":[{"href":"https:\/\/auto-mesecke.de\/wpress\/wp-json\/wp\/v2\/pages"}],"about":[{"href":"https:\/\/auto-mesecke.de\/wpress\/wp-json\/wp\/v2\/types\/page"}],"author":[{"embeddable":true,"href":"https:\/\/auto-mesecke.de\/wpress\/wp-json\/wp\/v2\/users\/1"}],"replies":[{"embeddable":true,"href":"https:\/\/auto-mesecke.de\/wpress\/wp-json\/wp\/v2\/comments?post=2528"}],"version-history":[{"count":2,"href":"https:\/\/auto-mesecke.de\/wpress\/wp-json\/wp\/v2\/pages\/2528\/revisions"}],"predecessor-version":[{"id":2719,"href":"https:\/\/auto-mesecke.de\/wpress\/wp-json\/wp\/v2\/pages\/2528\/revisions\/2719"}],"wp:attachment":[{"href":"https:\/\/auto-mesecke.de\/wpress\/wp-json\/wp\/v2\/media?parent=2528"}],"curies":[{"name":"wp","href":"https:\/\/api.w.org\/{rel}","templated":true}]}}