{"id":2523,"date":"2022-10-27T20:24:31","date_gmt":"2022-10-27T18:24:31","guid":{"rendered":"https:\/\/auto-mesecke.de\/wpress\/?page_id=2523"},"modified":"2022-11-03T17:51:16","modified_gmt":"2022-11-03T16:51:16","slug":"werkstattbindung","status":"publish","type":"page","link":"https:\/\/auto-mesecke.de\/wpress\/aktuelles\/werkstattbindung\/","title":{"rendered":"Werkstattbindung"},"content":{"rendered":"<div class=\"fusion-fullwidth fullwidth-box fusion-builder-row-1 fusion-flex-container nonhundred-percent-fullwidth non-hundred-percent-height-scrolling\" style=\"--awb-border-radius-top-left:0px;--awb-border-radius-top-right:0px;--awb-border-radius-bottom-right:0px;--awb-border-radius-bottom-left:0px;--awb-flex-wrap:wrap;\" ><div class=\"fusion-builder-row fusion-row fusion-flex-align-items-flex-start fusion-flex-content-wrap\" style=\"max-width:1248px;margin-left: calc(-4% \/ 2 );margin-right: calc(-4% \/ 2 );\"><div class=\"fusion-layout-column fusion_builder_column fusion-builder-column-0 fusion_builder_column_1_1 1_1 fusion-flex-column\" style=\"--awb-bg-size:cover;--awb-width-large:100%;--awb-margin-top-large:0px;--awb-spacing-right-large:1.92%;--awb-margin-bottom-large:0px;--awb-spacing-left-large:1.92%;--awb-width-medium:100%;--awb-spacing-right-medium:1.92%;--awb-spacing-left-medium:1.92%;--awb-width-small:100%;--awb-spacing-right-small:1.92%;--awb-spacing-left-small:1.92%;\"><div class=\"fusion-column-wrapper fusion-flex-justify-content-flex-start fusion-content-layout-column\"><div class=\"fusion-title title fusion-title-1 fusion-title-center fusion-title-text fusion-title-size-three\" style=\"--awb-margin-top-small:10px;--awb-margin-right-small:0px;--awb-margin-bottom-small:10px;--awb-margin-left-small:0px;\"><div class=\"title-sep-container title-sep-container-left\"><div class=\"title-sep sep-double sep-solid\" style=\"border-color:#e2e2e2;\"><\/div><\/div><span class=\"awb-title-spacer\"><\/span><h3 class=\"fusion-title-heading title-heading-center\" style=\"margin:0;\">Die Werkstattbindung<\/h3><span class=\"awb-title-spacer\"><\/span><div class=\"title-sep-container title-sep-container-right\"><div class=\"title-sep sep-double sep-solid\" style=\"border-color:#e2e2e2;\"><\/div><\/div><\/div><div class=\"fusion-text fusion-text-1\"><div class=\"contentboxwide\">\n<div class=\"contentinner\">\n<p><img decoding=\"async\" class=\"alignleft size-medium wp-image-2524\" src=\"https:\/\/auto-mesecke.de\/wpress\/wp-content\/uploads\/2022\/10\/Werkstattbindung-221x300.png\" alt=\"Werkstattbindung\" width=\"221\" height=\"300\" srcset=\"https:\/\/auto-mesecke.de\/wpress\/wp-content\/uploads\/2022\/10\/Werkstattbindung-200x272.png 200w, https:\/\/auto-mesecke.de\/wpress\/wp-content\/uploads\/2022\/10\/Werkstattbindung-221x300.png 221w, https:\/\/auto-mesecke.de\/wpress\/wp-content\/uploads\/2022\/10\/Werkstattbindung.png 245w\" sizes=\"(max-width: 221px) 100vw, 221px\" \/><\/p>\n<p>Leider wissen viele Kunden nicht immer \u00fcber den Inhalt Ihrer Versicherungspolice Bescheid. Des Weiteren wird man zu oft von seiner Versicherung an die Leine genommen ohne dass man es mitbekommt. Das Thema \u201eWerkstattbindung\u201c wird beim Beratungsgespr\u00e4ch h\u00e4ufig nicht weiter beleuchtet \u2013\u00a0<b>bisher!!!<\/b><\/p>\n<p>Zum Beispiel denkt doch jeder im selbstverschuldeten Schadensfalle einfach \u201ein die Werkstatt um die Ecke\u201c fahren, und den Schaden beheben zu lassen \u2013 Ein gewaltiger Irrtum!<br \/>\nMit klagvollen Namen wie \u201eKaskoSELECT\u201c, \u201eKaskoDirekt\u201c, \u201eKaskoService\u201c oder \u201eWerkstattDirekt\u201c bieten Versicherer den Kunden Rabatte auf den Preis des Kaskoanteils an. Gebunden an diesen Spezialtarif \u2013 oftmals auch als\u00a0<b>Werkstattbindung<\/b>\u00a0bezeichnet \u2013 ist die Beschr\u00e4nkung des Versicherungsnehmers an sogenannte Partnerwerkst\u00e4tten der Versicherung. Dabei handelt es sich um Werkst\u00e4tten, die den Versicherungen Rabatte auf Ersatzteile und den Arbeitslohn einr\u00e4umen, um im Gegenzug Reparaturauftr\u00e4ge durch die Versicherung zugespielt zu bekommen.<\/p>\n<p>Daher informieren und vor allem beraten wir Sie gerne, wenn es um das Thema\u00a0<b>Versicherung mit Werkstattbindung<\/b>\u00a0geht! Sprechen Sie uns einfach auf das Thema Werkstattbindung an.<\/p>\n<\/div>\n<\/div>\n<div class=\"clearfooter\"><\/div>\n<\/div><\/div><\/div><\/div><\/div>\n","protected":false},"excerpt":{"rendered":"","protected":false},"author":1,"featured_media":0,"parent":2375,"menu_order":0,"comment_status":"closed","ping_status":"closed","template":"","meta":{"footnotes":""},"class_list":["post-2523","page","type-page","status-publish","hentry"],"jetpack_sharing_enabled":true,"_links":{"self":[{"href":"https:\/\/auto-mesecke.de\/wpress\/wp-json\/wp\/v2\/pages\/2523","targetHints":{"allow":["GET"]}}],"collection":[{"href":"https:\/\/auto-mesecke.de\/wpress\/wp-json\/wp\/v2\/pages"}],"about":[{"href":"https:\/\/auto-mesecke.de\/wpress\/wp-json\/wp\/v2\/types\/page"}],"author":[{"embeddable":true,"href":"https:\/\/auto-mesecke.de\/wpress\/wp-json\/wp\/v2\/users\/1"}],"replies":[{"embeddable":true,"href":"https:\/\/auto-mesecke.de\/wpress\/wp-json\/wp\/v2\/comments?post=2523"}],"version-history":[{"count":2,"href":"https:\/\/auto-mesecke.de\/wpress\/wp-json\/wp\/v2\/pages\/2523\/revisions"}],"predecessor-version":[{"id":2720,"href":"https:\/\/auto-mesecke.de\/wpress\/wp-json\/wp\/v2\/pages\/2523\/revisions\/2720"}],"up":[{"embeddable":true,"href":"https:\/\/auto-mesecke.de\/wpress\/wp-json\/wp\/v2\/pages\/2375"}],"wp:attachment":[{"href":"https:\/\/auto-mesecke.de\/wpress\/wp-json\/wp\/v2\/media?parent=2523"}],"curies":[{"name":"wp","href":"https:\/\/api.w.org\/{rel}","templated":true}]}}