{"id":2519,"date":"2022-10-27T20:20:05","date_gmt":"2022-10-27T18:20:05","guid":{"rendered":"https:\/\/auto-mesecke.de\/wpress\/?page_id=2519"},"modified":"2022-11-03T18:02:04","modified_gmt":"2022-11-03T17:02:04","slug":"dellendoktor","status":"publish","type":"page","link":"https:\/\/auto-mesecke.de\/wpress\/leistungen\/dellendoktor\/","title":{"rendered":"Dellendoktor"},"content":{"rendered":"<div class=\"fusion-fullwidth fullwidth-box fusion-builder-row-1 fusion-flex-container nonhundred-percent-fullwidth non-hundred-percent-height-scrolling\" style=\"--awb-border-radius-top-left:0px;--awb-border-radius-top-right:0px;--awb-border-radius-bottom-right:0px;--awb-border-radius-bottom-left:0px;--awb-flex-wrap:wrap;\" ><div class=\"fusion-builder-row fusion-row fusion-flex-align-items-flex-start fusion-flex-content-wrap\" style=\"max-width:1248px;margin-left: calc(-4% \/ 2 );margin-right: calc(-4% \/ 2 );\"><div class=\"fusion-layout-column fusion_builder_column fusion-builder-column-0 fusion_builder_column_1_1 1_1 fusion-flex-column\" style=\"--awb-bg-size:cover;--awb-width-large:100%;--awb-margin-top-large:0px;--awb-spacing-right-large:1.92%;--awb-margin-bottom-large:0px;--awb-spacing-left-large:1.92%;--awb-width-medium:100%;--awb-spacing-right-medium:1.92%;--awb-spacing-left-medium:1.92%;--awb-width-small:100%;--awb-spacing-right-small:1.92%;--awb-spacing-left-small:1.92%;\"><div class=\"fusion-column-wrapper fusion-flex-justify-content-flex-start fusion-content-layout-column\"><div class=\"fusion-title title fusion-title-1 fusion-title-center fusion-title-text fusion-title-size-three\" style=\"--awb-margin-top-small:10px;--awb-margin-right-small:0px;--awb-margin-bottom-small:10px;--awb-margin-left-small:0px;\"><div class=\"title-sep-container title-sep-container-left\"><div class=\"title-sep sep-double sep-solid\" style=\"border-color:#e2e2e2;\"><\/div><\/div><span class=\"awb-title-spacer\"><\/span><h3 class=\"fusion-title-heading title-heading-center\" style=\"margin:0;\">Dellendoktor<\/h3><span class=\"awb-title-spacer\"><\/span><div class=\"title-sep-container title-sep-container-right\"><div class=\"title-sep sep-double sep-solid\" style=\"border-color:#e2e2e2;\"><\/div><\/div><\/div><div class=\"fusion-text fusion-text-1\"><p><img decoding=\"async\" class=\"alignleft size-medium wp-image-2520\" src=\"https:\/\/auto-mesecke.de\/wpress\/wp-content\/uploads\/2022\/10\/gyan-logo-1200-675-black-mtext_eyecatcher-300x169.jpg\" alt=\"Dellendoktor\" width=\"300\" height=\"169\" srcset=\"https:\/\/auto-mesecke.de\/wpress\/wp-content\/uploads\/2022\/10\/gyan-logo-1200-675-black-mtext_eyecatcher-200x113.jpg 200w, https:\/\/auto-mesecke.de\/wpress\/wp-content\/uploads\/2022\/10\/gyan-logo-1200-675-black-mtext_eyecatcher-300x169.jpg 300w, https:\/\/auto-mesecke.de\/wpress\/wp-content\/uploads\/2022\/10\/gyan-logo-1200-675-black-mtext_eyecatcher-400x225.jpg 400w, https:\/\/auto-mesecke.de\/wpress\/wp-content\/uploads\/2022\/10\/gyan-logo-1200-675-black-mtext_eyecatcher-500x281.jpg 500w, https:\/\/auto-mesecke.de\/wpress\/wp-content\/uploads\/2022\/10\/gyan-logo-1200-675-black-mtext_eyecatcher-600x338.jpg 600w, https:\/\/auto-mesecke.de\/wpress\/wp-content\/uploads\/2022\/10\/gyan-logo-1200-675-black-mtext_eyecatcher-700x394.jpg 700w, https:\/\/auto-mesecke.de\/wpress\/wp-content\/uploads\/2022\/10\/gyan-logo-1200-675-black-mtext_eyecatcher-768x432.jpg 768w, https:\/\/auto-mesecke.de\/wpress\/wp-content\/uploads\/2022\/10\/gyan-logo-1200-675-black-mtext_eyecatcher-800x450.jpg 800w, https:\/\/auto-mesecke.de\/wpress\/wp-content\/uploads\/2022\/10\/gyan-logo-1200-675-black-mtext_eyecatcher-1024x576.jpg 1024w, https:\/\/auto-mesecke.de\/wpress\/wp-content\/uploads\/2022\/10\/gyan-logo-1200-675-black-mtext_eyecatcher.jpg 1200w\" sizes=\"(max-width: 300px) 100vw, 300px\" \/>Auch in diesem Bereich haben wir uns einen absoluten Fachmann ins Haus geholt. Unser Dellen-Techniker, der in regelm\u00e4\u00dfigen Abst\u00e4nden Termine anbietet, ist ein Spezialist durch und durch. Seine Teilnahmen an der deutschen Meisterschaft der Dellen-Technik, erfolgten immer mit \u00a0einstelligen Platzierungen. Unser Partner kann daher nicht nur auf ein gro\u00dfes Repertoire zur\u00fcckgreifen, f\u00fcr Ihn z\u00e4hlen auch Schnelligkeit, Zuverl\u00e4ssigkeit und Professionalit\u00e4t zu den wichtigsten Eigenschaften!<br \/>\nSelbstkritisch und mit einem feinen Auge, stellen selbst die schwierigsten Dellen f\u00fcr Ihn kaum ein Problem dar. Er steht f\u00fcr lackierfreies Instandsetzen von Dellen jeder Art, sofern der Lack nicht gebrochen ist!<\/p>\n<p><b>Ein Profi auf seinem Gebiet!<\/b><\/p>\n<\/div><\/div><\/div><\/div><\/div>\n","protected":false},"excerpt":{"rendered":"","protected":false},"author":1,"featured_media":0,"parent":2373,"menu_order":0,"comment_status":"closed","ping_status":"closed","template":"","meta":{"footnotes":""},"class_list":["post-2519","page","type-page","status-publish","hentry"],"jetpack_sharing_enabled":true,"_links":{"self":[{"href":"https:\/\/auto-mesecke.de\/wpress\/wp-json\/wp\/v2\/pages\/2519","targetHints":{"allow":["GET"]}}],"collection":[{"href":"https:\/\/auto-mesecke.de\/wpress\/wp-json\/wp\/v2\/pages"}],"about":[{"href":"https:\/\/auto-mesecke.de\/wpress\/wp-json\/wp\/v2\/types\/page"}],"author":[{"embeddable":true,"href":"https:\/\/auto-mesecke.de\/wpress\/wp-json\/wp\/v2\/users\/1"}],"replies":[{"embeddable":true,"href":"https:\/\/auto-mesecke.de\/wpress\/wp-json\/wp\/v2\/comments?post=2519"}],"version-history":[{"count":2,"href":"https:\/\/auto-mesecke.de\/wpress\/wp-json\/wp\/v2\/pages\/2519\/revisions"}],"predecessor-version":[{"id":2729,"href":"https:\/\/auto-mesecke.de\/wpress\/wp-json\/wp\/v2\/pages\/2519\/revisions\/2729"}],"up":[{"embeddable":true,"href":"https:\/\/auto-mesecke.de\/wpress\/wp-json\/wp\/v2\/pages\/2373"}],"wp:attachment":[{"href":"https:\/\/auto-mesecke.de\/wpress\/wp-json\/wp\/v2\/media?parent=2519"}],"curies":[{"name":"wp","href":"https:\/\/api.w.org\/{rel}","templated":true}]}}