{"id":2504,"date":"2022-10-27T19:59:38","date_gmt":"2022-10-27T17:59:38","guid":{"rendered":"https:\/\/auto-mesecke.de\/wpress\/?page_id=2504"},"modified":"2022-11-03T18:03:28","modified_gmt":"2022-11-03T17:03:28","slug":"unfallinstandsetzung-fahrzeuglackierung","status":"publish","type":"page","link":"https:\/\/auto-mesecke.de\/wpress\/leistungen\/unfallinstandsetzung-fahrzeuglackierung\/","title":{"rendered":"Unfallinstandsetzung &#038; Fahrzeuglackierung"},"content":{"rendered":"<div class=\"fusion-fullwidth fullwidth-box fusion-builder-row-1 fusion-flex-container nonhundred-percent-fullwidth non-hundred-percent-height-scrolling\" style=\"--awb-border-radius-top-left:0px;--awb-border-radius-top-right:0px;--awb-border-radius-bottom-right:0px;--awb-border-radius-bottom-left:0px;--awb-flex-wrap:wrap;\" ><div class=\"fusion-builder-row fusion-row fusion-flex-align-items-flex-start fusion-flex-content-wrap\" style=\"max-width:1248px;margin-left: calc(-4% \/ 2 );margin-right: calc(-4% \/ 2 );\"><div class=\"fusion-layout-column fusion_builder_column fusion-builder-column-0 fusion_builder_column_1_1 1_1 fusion-flex-column\" style=\"--awb-bg-size:cover;--awb-width-large:100%;--awb-margin-top-large:0px;--awb-spacing-right-large:1.92%;--awb-margin-bottom-large:0px;--awb-spacing-left-large:1.92%;--awb-width-medium:100%;--awb-spacing-right-medium:1.92%;--awb-spacing-left-medium:1.92%;--awb-width-small:100%;--awb-spacing-right-small:1.92%;--awb-spacing-left-small:1.92%;\"><div class=\"fusion-column-wrapper fusion-flex-justify-content-flex-start fusion-content-layout-column\"><div class=\"fusion-title title fusion-title-1 fusion-title-center fusion-title-text fusion-title-size-three\" style=\"--awb-margin-top-small:10px;--awb-margin-right-small:0px;--awb-margin-bottom-small:10px;--awb-margin-left-small:0px;\"><div class=\"title-sep-container title-sep-container-left\"><div class=\"title-sep sep-double sep-solid\" style=\"border-color:#e2e2e2;\"><\/div><\/div><span class=\"awb-title-spacer\"><\/span><h3 class=\"fusion-title-heading title-heading-center\" style=\"margin:0;\">Unfallinstandsetzung und Fahrzeuglackierung<\/h3><span class=\"awb-title-spacer\"><\/span><div class=\"title-sep-container title-sep-container-right\"><div class=\"title-sep sep-double sep-solid\" style=\"border-color:#e2e2e2;\"><\/div><\/div><\/div><div class=\"fusion-text fusion-text-1\"><p>Selbstverst\u00e4ndlich bieten wir unseren Kunden die M\u00f6glichkeit an, im Falle eines Unfalls, egal ob selbstverschuldet oder nicht, das Fahrzeug in unserem Hause reparieren zu lassen.<br \/>\nAngefangen bei der Kontaktaufnahme mit dem Gutachter, \u00fcber die Information des weiteren Verlaufs bis hin zur direkten Abrechnung mit der Versicherung, wird f\u00fcr Sie alles geregelt, sodass die Reparatur so angenehm wie m\u00f6glich verl\u00e4uft.<br \/>\nSelbst ein\u00a0<b>kostenloser Werkstatt-Ersatzwagen<\/b>\u00a0steht, je nach Verf\u00fcgbarkeit, f\u00fcr Sie parat!<br \/>\nDa wir an uns selbst einen hohen Anspruch haben, sind die Profis gerade gut genug. Wir haben uns daher im Bereich Unfallinstandsetzung und Fahrzeuglackierung einen der besten Partner mit ins Boot geholt. Getreu unter dem Motto,\u00a0<strong>wir arbeiten nur mit Spitzenfirmen zusammen<\/strong>, konnten wir die Firma Tissen akquirieren und als Partner gewinnen. Auch hier steht der eigene Anspruch \u00fcber Allem und so ist es kein Zufall, dass man die Werke unseres Partners auch schon mal im Fernsehen sieht!<\/p>\n<p>Wie Ihr bereits feststellen konntet, sind wir durch st\u00e4ndige Verbesserungen, verbunden mit unseren Partnern, hervorragend aufgestellt!<br \/>\nSelbstverst\u00e4ndlich sind\u00a0<b>Lackierungen aller Art<\/b>\u00a0in unserem Haus, bzw. \u00fcber unseren Partner kein Problem, denn die Firma Tissen ist eine der wenigen Firmen die mit dem brandneuen PPG Daisy Wheel System arbeitet. Ein Ger\u00e4t welches die Farbe des Fahrzeugs zu 100% erkennt und selbstst\u00e4ndig zusammenmischt. Fehler werden somit nahezu ausgeschlossen!<\/p>\n<p><img decoding=\"async\" class=\"aligncenter wp-image-2509 size-full\" src=\"https:\/\/auto-mesecke.de\/wpress\/wp-content\/uploads\/2022\/10\/tissen-standort1.jpg\" alt=\"\" width=\"700\" height=\"500\" srcset=\"https:\/\/auto-mesecke.de\/wpress\/wp-content\/uploads\/2022\/10\/tissen-standort1-200x143.jpg 200w, https:\/\/auto-mesecke.de\/wpress\/wp-content\/uploads\/2022\/10\/tissen-standort1-300x214.jpg 300w, https:\/\/auto-mesecke.de\/wpress\/wp-content\/uploads\/2022\/10\/tissen-standort1-400x286.jpg 400w, https:\/\/auto-mesecke.de\/wpress\/wp-content\/uploads\/2022\/10\/tissen-standort1-500x357.jpg 500w, https:\/\/auto-mesecke.de\/wpress\/wp-content\/uploads\/2022\/10\/tissen-standort1-600x429.jpg 600w, https:\/\/auto-mesecke.de\/wpress\/wp-content\/uploads\/2022\/10\/tissen-standort1.jpg 700w\" sizes=\"(max-width: 700px) 100vw, 700px\" \/><\/p>\n<p>Zu guter Letzt k\u00f6nnen wir hier noch unseren neuen 3D \u2013 Achsvermessungs-Stand hervorheben, der f\u00fcr die Vermessung aller Fabrikate geeignet ist. Nach einer Unfall-Reparatur wird das Fahrzeug im Bedarfsfall vermessen und das Protokoll der Versicherung vorgelegt.<\/p>\n<\/div><\/div><\/div><\/div><\/div>\n","protected":false},"excerpt":{"rendered":"","protected":false},"author":1,"featured_media":0,"parent":2373,"menu_order":0,"comment_status":"closed","ping_status":"closed","template":"","meta":{"footnotes":""},"class_list":["post-2504","page","type-page","status-publish","hentry"],"jetpack_sharing_enabled":true,"_links":{"self":[{"href":"https:\/\/auto-mesecke.de\/wpress\/wp-json\/wp\/v2\/pages\/2504","targetHints":{"allow":["GET"]}}],"collection":[{"href":"https:\/\/auto-mesecke.de\/wpress\/wp-json\/wp\/v2\/pages"}],"about":[{"href":"https:\/\/auto-mesecke.de\/wpress\/wp-json\/wp\/v2\/types\/page"}],"author":[{"embeddable":true,"href":"https:\/\/auto-mesecke.de\/wpress\/wp-json\/wp\/v2\/users\/1"}],"replies":[{"embeddable":true,"href":"https:\/\/auto-mesecke.de\/wpress\/wp-json\/wp\/v2\/comments?post=2504"}],"version-history":[{"count":3,"href":"https:\/\/auto-mesecke.de\/wpress\/wp-json\/wp\/v2\/pages\/2504\/revisions"}],"predecessor-version":[{"id":2730,"href":"https:\/\/auto-mesecke.de\/wpress\/wp-json\/wp\/v2\/pages\/2504\/revisions\/2730"}],"up":[{"embeddable":true,"href":"https:\/\/auto-mesecke.de\/wpress\/wp-json\/wp\/v2\/pages\/2373"}],"wp:attachment":[{"href":"https:\/\/auto-mesecke.de\/wpress\/wp-json\/wp\/v2\/media?parent=2504"}],"curies":[{"name":"wp","href":"https:\/\/api.w.org\/{rel}","templated":true}]}}