{"id":2497,"date":"2022-10-27T19:37:36","date_gmt":"2022-10-27T17:37:36","guid":{"rendered":"https:\/\/auto-mesecke.de\/wpress\/?page_id=2497"},"modified":"2022-10-27T19:52:59","modified_gmt":"2022-10-27T17:52:59","slug":"partikelfilter-reinigung","status":"publish","type":"page","link":"https:\/\/auto-mesecke.de\/wpress\/leistungen\/partikelfilter-reinigung\/","title":{"rendered":"Partikelfilter-Reinigung"},"content":{"rendered":"<p><u><strong>Partikelfilter verstopf?<\/strong><\/u><\/p>\n<p><strong>Wir reinigen verstopfte Ru\u00dfpartikelfilter!<\/strong><\/p>\n<p>Der Partikelfilter oder auch Dieselpartikelfilter (DPF) Ihres Fahrzeuges ist voll und l\u00e4sst sich nicht mehr regenerieren? Die Fahrzeugelektronik zeigt &#8222;DPF voll&#8220; oder &#8222;Beladungsgrenze erreicht&#8220; an? Dann m\u00fcsste eigentlich ein neuer und ziemlich teurer Partikelfilter her.\u00a0<strong>ABER<\/strong>\u00a0Sie haben die M\u00f6glichkeit, Ihren verstopften Partikelfilter kosteng\u00fcnstig bei uns reinigen zu lassen. Dabei weist der Filter nach der Reinigung die technischen Eigenschaften eines Neufilters auf.<\/p>\n<p>Sp\u00e4testens wenn in der Motorelektronik die Warnlampe\/DPF Anzeige erscheint, dann muss der Partikelfilter ausgebaut und erneuert bzw. gereinigt werden. Bitte z\u00f6gern Sie die Reinigung oder den Austausch des verstopften Filters nicht zu lange hinaus, denn mit zunehmender Ru\u00df- und Aschebeladung des Ru\u00dffilters startet die automatische Regeneration im PKW immer \u00f6fter und dadurch<\/p>\n<p><strong>&#8230; steigt der Kraftstoffverbrauch<\/strong><\/p>\n<p><strong>&#8230; verringert sich die Leistung des PKW<\/strong><\/p>\n<p><strong>&#8230; steigt der Abgasgegendruck<\/strong><\/p>\n<p><strong>&#8230; k\u00f6nnen im schlimmsten Fall Anbauteile im Motor Schaden nehmen!<\/strong><\/p>\n<p>&nbsp;<\/p>\n<p><strong>Die Partikelfilter Reinigung ist unser Steckenpferd!<\/strong><\/p>\n<p><u><strong>Ihre Vorteile<\/strong><\/u><\/p>\n<p><img decoding=\"async\" src=\"data:image\/png;base64,iVBORw0KGgoAAAANSUhEUgAAABgAAAAYCAIAAABvFaqvAAACrElEQVQ4jb2UzWsTQRjG+7eYzibpRfygKiJCUehB6U0QvIig4MFLErOZSVFQKSgIoiIICj2KaLfJzIZqW6mliihaI2Jt0ohoW5MUP7q51N15Hw\/TxFrbmIN0LrvsDL993ud532nDf1ptGwXSy0+igACNABoaQcUrDeZvxZxdV8dSLSrytfYJAIHgEwFAZXGmb\/gkV+G0sq6MJVsCEZFRRUQgEKH09U0y0y0kE5JdehSv1IqtlhZAkwYIRJSfG48P7hSSccX6hk9Vax8aB\/9ZmiYjDXj+cSSR2ZKSlnAj54aOVrySRtAqiAKAAMKL+dHY4Pa0smw3lFaHKrUiCMa71kAAKJhZeJVwtqZVh+2G4wO7K4szgNag36G20kezi1NJZ38yFxKSnVbRl59HoesEAtVZK0Eaur5BgQYRUPVK6dzhVC7SK5lwI3cmb0D\/IWS1IiIAvjlEWDJfyl7h+uNerhh3NwnJzuSOVL0SNPkNY\/4GVb3StfHehNNlOwfzCxMaAQETBcndUFpZXEXjTuf894L5z8qwVoNS2R6ebeduKK0iCWdfxSvNee\/jTqdwLa7CQrKh6XsmPkCvJagOimX2ChVKKosrlpKW87b\/8kjCIHjWOps7VvWKoKUAGuQ3U1T+UbQzB1KyXUgmXCs2sC0pI1yFbTeccDZ\/+jFtfFkyLmp\/XRA0TZWf2aqDK5bOtgsZFW6HUCHbZf1PLwI+4C9HSo1uXxMEENGFhyeEZLaKCslslwnJ4vf3fKkVQUEAgH4CMDk0AWkA+fknZiC5igrJuArfnbypCcvTUG8fovU9Mntlr8AzPVwZFks4XVWvZMRSfarMe9PSAMAfeH2bK8ZVOJnpzs+Nmf6mVc3cJH5TPIDZb+\/imR3nHxyv1IqN4SYCNe42rDkhG3f5t7x+AfeMAmv70r2gAAAAAElFTkSuQmCC\" alt=\"\" \/>\u00a0Reinigung f\u00fcr\u00a0<strong>ALLE<\/strong>\u00a0KFZ Modelle m\u00f6glich<\/p>\n<p><img decoding=\"async\" src=\"data:image\/png;base64,iVBORw0KGgoAAAANSUhEUgAAABgAAAAYCAIAAABvFaqvAAACrElEQVQ4jb2UzWsTQRjG+7eYzibpRfygKiJCUehB6U0QvIig4MFLErOZSVFQKSgIoiIICj2KaLfJzIZqW6mliihaI2Jt0ohoW5MUP7q51N15Hw\/TxFrbmIN0LrvsDL993ud532nDf1ptGwXSy0+igACNABoaQcUrDeZvxZxdV8dSLSrytfYJAIHgEwFAZXGmb\/gkV+G0sq6MJVsCEZFRRUQgEKH09U0y0y0kE5JdehSv1IqtlhZAkwYIRJSfG48P7hSSccX6hk9Vax8aB\/9ZmiYjDXj+cSSR2ZKSlnAj54aOVrySRtAqiAKAAMKL+dHY4Pa0smw3lFaHKrUiCMa71kAAKJhZeJVwtqZVh+2G4wO7K4szgNag36G20kezi1NJZ38yFxKSnVbRl59HoesEAtVZK0Eaur5BgQYRUPVK6dzhVC7SK5lwI3cmb0D\/IWS1IiIAvjlEWDJfyl7h+uNerhh3NwnJzuSOVL0SNPkNY\/4GVb3StfHehNNlOwfzCxMaAQETBcndUFpZXEXjTuf894L5z8qwVoNS2R6ebeduKK0iCWdfxSvNee\/jTqdwLa7CQrKh6XsmPkCvJagOimX2ChVKKosrlpKW87b\/8kjCIHjWOps7VvWKoKUAGuQ3U1T+UbQzB1KyXUgmXCs2sC0pI1yFbTeccDZ\/+jFtfFkyLmp\/XRA0TZWf2aqDK5bOtgsZFW6HUCHbZf1PLwI+4C9HSo1uXxMEENGFhyeEZLaKCslslwnJ4vf3fKkVQUEAgH4CMDk0AWkA+fknZiC5igrJuArfnbypCcvTUG8fovU9Mntlr8AzPVwZFks4XVWvZMRSfarMe9PSAMAfeH2bK8ZVOJnpzs+Nmf6mVc3cJH5TPIDZb+\/imR3nHxyv1IqN4SYCNe42rDkhG3f5t7x+AfeMAmv70r2gAAAAAElFTkSuQmCC\" alt=\"\" \/>\u00a0Reinigungserfahrung seit\u00a0<strong>13 Jahren<\/strong><\/p>\n<p><img decoding=\"async\" src=\"data:image\/png;base64,iVBORw0KGgoAAAANSUhEUgAAABgAAAAYCAIAAABvFaqvAAACrElEQVQ4jb2UzWsTQRjG+7eYzibpRfygKiJCUehB6U0QvIig4MFLErOZSVFQKSgIoiIICj2KaLfJzIZqW6mliihaI2Jt0ohoW5MUP7q51N15Hw\/TxFrbmIN0LrvsDL993ud532nDf1ptGwXSy0+igACNABoaQcUrDeZvxZxdV8dSLSrytfYJAIHgEwFAZXGmb\/gkV+G0sq6MJVsCEZFRRUQgEKH09U0y0y0kE5JdehSv1IqtlhZAkwYIRJSfG48P7hSSccX6hk9Vax8aB\/9ZmiYjDXj+cSSR2ZKSlnAj54aOVrySRtAqiAKAAMKL+dHY4Pa0smw3lFaHKrUiCMa71kAAKJhZeJVwtqZVh+2G4wO7K4szgNag36G20kezi1NJZ38yFxKSnVbRl59HoesEAtVZK0Eaur5BgQYRUPVK6dzhVC7SK5lwI3cmb0D\/IWS1IiIAvjlEWDJfyl7h+uNerhh3NwnJzuSOVL0SNPkNY\/4GVb3StfHehNNlOwfzCxMaAQETBcndUFpZXEXjTuf894L5z8qwVoNS2R6ebeduKK0iCWdfxSvNee\/jTqdwLa7CQrKh6XsmPkCvJagOimX2ChVKKosrlpKW87b\/8kjCIHjWOps7VvWKoKUAGuQ3U1T+UbQzB1KyXUgmXCs2sC0pI1yFbTeccDZ\/+jFtfFkyLmp\/XRA0TZWf2aqDK5bOtgsZFW6HUCHbZf1PLwI+4C9HSo1uXxMEENGFhyeEZLaKCslslwnJ4vf3fKkVQUEAgH4CMDk0AWkA+fknZiC5igrJuArfnbypCcvTUG8fovU9Mntlr8AzPVwZFks4XVWvZMRSfarMe9PSAMAfeH2bK8ZVOJnpzs+Nmf6mVc3cJH5TPIDZb+\/imR3nHxyv1IqN4SYCNe42rDkhG3f5t7x+AfeMAmv70r2gAAAAAElFTkSuQmCC\" alt=\"\" \/>\u00a0\u00fcber\u00a0<strong>40.000 gereinigte Partikelfilter<\/strong><\/p>\n<p><img decoding=\"async\" src=\"data:image\/png;base64,iVBORw0KGgoAAAANSUhEUgAAABgAAAAYCAIAAABvFaqvAAACrElEQVQ4jb2UzWsTQRjG+7eYzibpRfygKiJCUehB6U0QvIig4MFLErOZSVFQKSgIoiIICj2KaLfJzIZqW6mliihaI2Jt0ohoW5MUP7q51N15Hw\/TxFrbmIN0LrvsDL993ud532nDf1ptGwXSy0+igACNABoaQcUrDeZvxZxdV8dSLSrytfYJAIHgEwFAZXGmb\/gkV+G0sq6MJVsCEZFRRUQgEKH09U0y0y0kE5JdehSv1IqtlhZAkwYIRJSfG48P7hSSccX6hk9Vax8aB\/9ZmiYjDXj+cSSR2ZKSlnAj54aOVrySRtAqiAKAAMKL+dHY4Pa0smw3lFaHKrUiCMa71kAAKJhZeJVwtqZVh+2G4wO7K4szgNag36G20kezi1NJZ38yFxKSnVbRl59HoesEAtVZK0Eaur5BgQYRUPVK6dzhVC7SK5lwI3cmb0D\/IWS1IiIAvjlEWDJfyl7h+uNerhh3NwnJzuSOVL0SNPkNY\/4GVb3StfHehNNlOwfzCxMaAQETBcndUFpZXEXjTuf894L5z8qwVoNS2R6ebeduKK0iCWdfxSvNee\/jTqdwLa7CQrKh6XsmPkCvJagOimX2ChVKKosrlpKW87b\/8kjCIHjWOps7VvWKoKUAGuQ3U1T+UbQzB1KyXUgmXCs2sC0pI1yFbTeccDZ\/+jFtfFkyLmp\/XRA0TZWf2aqDK5bOtgsZFW6HUCHbZf1PLwI+4C9HSo1uXxMEENGFhyeEZLaKCslslwnJ4vf3fKkVQUEAgH4CMDk0AWkA+fknZiC5igrJuArfnbypCcvTUG8fovU9Mntlr8AzPVwZFks4XVWvZMRSfarMe9PSAMAfeH2bK8ZVOJnpzs+Nmf6mVc3cJH5TPIDZb+\/imR3nHxyv1IqN4SYCNe42rDkhG3f5t7x+AfeMAmv70r2gAAAAAElFTkSuQmCC\" alt=\"\" \/>\u00a0<strong>T\u00dcV gepr\u00fcftes<\/strong>\u00a0Verfahren<\/p>\n<p><img decoding=\"async\" src=\"data:image\/png;base64,iVBORw0KGgoAAAANSUhEUgAAABgAAAAYCAIAAABvFaqvAAACrElEQVQ4jb2UzWsTQRjG+7eYzibpRfygKiJCUehB6U0QvIig4MFLErOZSVFQKSgIoiIICj2KaLfJzIZqW6mliihaI2Jt0ohoW5MUP7q51N15Hw\/TxFrbmIN0LrvsDL993ud532nDf1ptGwXSy0+igACNABoaQcUrDeZvxZxdV8dSLSrytfYJAIHgEwFAZXGmb\/gkV+G0sq6MJVsCEZFRRUQgEKH09U0y0y0kE5JdehSv1IqtlhZAkwYIRJSfG48P7hSSccX6hk9Vax8aB\/9ZmiYjDXj+cSSR2ZKSlnAj54aOVrySRtAqiAKAAMKL+dHY4Pa0smw3lFaHKrUiCMa71kAAKJhZeJVwtqZVh+2G4wO7K4szgNag36G20kezi1NJZ38yFxKSnVbRl59HoesEAtVZK0Eaur5BgQYRUPVK6dzhVC7SK5lwI3cmb0D\/IWS1IiIAvjlEWDJfyl7h+uNerhh3NwnJzuSOVL0SNPkNY\/4GVb3StfHehNNlOwfzCxMaAQETBcndUFpZXEXjTuf894L5z8qwVoNS2R6ebeduKK0iCWdfxSvNee\/jTqdwLa7CQrKh6XsmPkCvJagOimX2ChVKKosrlpKW87b\/8kjCIHjWOps7VvWKoKUAGuQ3U1T+UbQzB1KyXUgmXCs2sC0pI1yFbTeccDZ\/+jFtfFkyLmp\/XRA0TZWf2aqDK5bOtgsZFW6HUCHbZf1PLwI+4C9HSo1uXxMEENGFhyeEZLaKCslslwnJ4vf3fKkVQUEAgH4CMDk0AWkA+fknZiC5igrJuArfnbypCcvTUG8fovU9Mntlr8AzPVwZFks4XVWvZMRSfarMe9PSAMAfeH2bK8ZVOJnpzs+Nmf6mVc3cJH5TPIDZb+\/imR3nHxyv1IqN4SYCNe42rDkhG3f5t7x+AfeMAmv70r2gAAAAAElFTkSuQmCC\" alt=\"\" \/>\u00a0<strong>schnelle<\/strong>\u00a0&amp; unkomplizierte\u00a0<strong>Abwicklung<\/strong><\/p>\n<p><img decoding=\"async\" src=\"data:image\/png;base64,iVBORw0KGgoAAAANSUhEUgAAABgAAAAYCAIAAABvFaqvAAACrElEQVQ4jb2UzWsTQRjG+7eYzibpRfygKiJCUehB6U0QvIig4MFLErOZSVFQKSgIoiIICj2KaLfJzIZqW6mliihaI2Jt0ohoW5MUP7q51N15Hw\/TxFrbmIN0LrvsDL993ud532nDf1ptGwXSy0+igACNABoaQcUrDeZvxZxdV8dSLSrytfYJAIHgEwFAZXGmb\/gkV+G0sq6MJVsCEZFRRUQgEKH09U0y0y0kE5JdehSv1IqtlhZAkwYIRJSfG48P7hSSccX6hk9Vax8aB\/9ZmiYjDXj+cSSR2ZKSlnAj54aOVrySRtAqiAKAAMKL+dHY4Pa0smw3lFaHKrUiCMa71kAAKJhZeJVwtqZVh+2G4wO7K4szgNag36G20kezi1NJZ38yFxKSnVbRl59HoesEAtVZK0Eaur5BgQYRUPVK6dzhVC7SK5lwI3cmb0D\/IWS1IiIAvjlEWDJfyl7h+uNerhh3NwnJzuSOVL0SNPkNY\/4GVb3StfHehNNlOwfzCxMaAQETBcndUFpZXEXjTuf894L5z8qwVoNS2R6ebeduKK0iCWdfxSvNee\/jTqdwLa7CQrKh6XsmPkCvJagOimX2ChVKKosrlpKW87b\/8kjCIHjWOps7VvWKoKUAGuQ3U1T+UbQzB1KyXUgmXCs2sC0pI1yFbTeccDZ\/+jFtfFkyLmp\/XRA0TZWf2aqDK5bOtgsZFW6HUCHbZf1PLwI+4C9HSo1uXxMEENGFhyeEZLaKCslslwnJ4vf3fKkVQUEAgH4CMDk0AWkA+fknZiC5igrJuArfnbypCcvTUG8fovU9Mntlr8AzPVwZFks4XVWvZMRSfarMe9PSAMAfeH2bK8ZVOJnpzs+Nmf6mVc3cJH5TPIDZb+\/imR3nHxyv1IqN4SYCNe42rDkhG3f5t7x+AfeMAmv70r2gAAAAAElFTkSuQmCC\" alt=\"\" \/>\u00a0<strong>g\u00fcnstige Reinigung<\/strong>\u00a0statt teurem Neukauf<\/p>\n<p>&nbsp;<\/p>\n<p><strong>Profitieren auch Sie von unseren langj\u00e4hrigen Erfahrungen mit der Reinigung von Partikelfiltern.<\/strong>\u00a0\u00a0<strong>Mit der Barten GmbH haben wir uns in diesem Bereich mit einen seri\u00f6sen Vertriebspartner verst\u00e4rkt!<\/strong><\/p>\n<p>&nbsp;<\/p>\n<p><strong>Barten GmbH &#8211; \u00dcber uns<\/strong><\/p>\n<p>Die Barten GmbH ist eines der f\u00fchrenden Unternehmen in der Reinigung von Ru\u00dffiltern. Das Familien-Unternehmen\u00a0<strong>reinigt seit 13 Jahren Ru\u00dffilter \/ Partikelfilter<\/strong>\u00a0aus Blockheizkraftwerken (BHKW) und dem Kfz-Bereich. Das innovative und schonende Reinigungsverfahren wurde vom T\u00dcV-Rheinland gepr\u00fcft und wurde bereits bei \u00fcber\u00a0<strong>40.000 Filtern<\/strong>\u00a0jeglicher Art erfolgreich angewendet! Die Barten GmbH\u00a0<strong>hat als erstes Unternehmen<\/strong>\u00a0(DPF-Reiniger) die Ru\u00dffilterreinigung in Deutschland angeboten und den Markt damit ausschlaggebend gepr\u00e4gt! Seit nunmehr\u00a0<strong>13 Jahren<\/strong>\u00a0reinigen wir nun Ru\u00dffilter und Katalysatoren aus:<\/p>\n<p>\u00bb\u00a0Blockheizkraftwerke BHKW (Gas- und Biogas, Heiz- und Pflanzen\u00f6l)<\/p>\n<p>\u00bb PKW (alle Kfz-Marken)<\/p>\n<p>\u00bb Transporter<\/p>\n<p>\u00bb LKW<\/p>\n<p>\u00bb Busse<\/p>\n<p>\u00bb Gabelstapler<\/p>\n<p>\u00bb Baumaschinen<\/p>\n<p>\u00bb Industriemaschinen<\/p>\n<p>&nbsp;<\/p>\n<p>Unser Reinigungsverfahren f\u00fcr Partikelfilter ist vom T\u00dcV Rheinland gepr\u00fcft und wurde bereits bei \u00fcber\u00a0<strong>40.000 Partikelfiltern<\/strong>\u00a0erfolgreich angewendet.<\/p>\n","protected":false},"excerpt":{"rendered":"<p>Partikelfilter verstopf? Wir reinigen verstopfte Ru\u00dfpartikelfilter! Der Partikelfilter oder auch  [&#8230;]<\/p>\n","protected":false},"author":1,"featured_media":0,"parent":2373,"menu_order":0,"comment_status":"closed","ping_status":"closed","template":"","meta":{"footnotes":""},"class_list":["post-2497","page","type-page","status-publish","hentry"],"jetpack_sharing_enabled":true,"_links":{"self":[{"href":"https:\/\/auto-mesecke.de\/wpress\/wp-json\/wp\/v2\/pages\/2497","targetHints":{"allow":["GET"]}}],"collection":[{"href":"https:\/\/auto-mesecke.de\/wpress\/wp-json\/wp\/v2\/pages"}],"about":[{"href":"https:\/\/auto-mesecke.de\/wpress\/wp-json\/wp\/v2\/types\/page"}],"author":[{"embeddable":true,"href":"https:\/\/auto-mesecke.de\/wpress\/wp-json\/wp\/v2\/users\/1"}],"replies":[{"embeddable":true,"href":"https:\/\/auto-mesecke.de\/wpress\/wp-json\/wp\/v2\/comments?post=2497"}],"version-history":[{"count":2,"href":"https:\/\/auto-mesecke.de\/wpress\/wp-json\/wp\/v2\/pages\/2497\/revisions"}],"predecessor-version":[{"id":2499,"href":"https:\/\/auto-mesecke.de\/wpress\/wp-json\/wp\/v2\/pages\/2497\/revisions\/2499"}],"up":[{"embeddable":true,"href":"https:\/\/auto-mesecke.de\/wpress\/wp-json\/wp\/v2\/pages\/2373"}],"wp:attachment":[{"href":"https:\/\/auto-mesecke.de\/wpress\/wp-json\/wp\/v2\/media?parent=2497"}],"curies":[{"name":"wp","href":"https:\/\/api.w.org\/{rel}","templated":true}]}}